{"id":3893,"date":"2019-11-04T17:02:15","date_gmt":"2019-11-04T16:02:15","guid":{"rendered":"https:\/\/www.romaesoterica.com\/transfer\/"},"modified":"2021-02-01T15:23:45","modified_gmt":"2021-02-01T14:23:45","slug":"transfer","status":"publish","type":"page","link":"https:\/\/www.romaesoterica.com\/pt-pt\/transfer\/","title":{"rendered":"Transferes"},"content":{"rendered":"<p>[vc_row][vc_column]<div id=\"la_divider69e7652f021ce\" class=\"js-el la-divider la-unit-responsive\" data-la_component=\"UnitResponsive\"  data-el_target='#la_divider69e7652f021ce'  data-el_media_sizes='{&quot;padding-top&quot;:&quot;lg:50px;&quot;}' ><\/div>\n[\/vc_column][\/vc_row][vc_row][vc_column][vc_column_text]<\/p>\n<p style=\"font-size: 32px; color: #fe5e00;\">UMA EXPERI\u00caNCIA INESQUEC\u00cdVEL!<\/p>\n<p>Todos os nossos passeios guiados podem ser acompanhados por um motorista profissional, para que tenha o m\u00e1ximo do conforto durante as visitas.<\/p>\n<p>Com um motorista e um guia privados ao seu disp\u00f4r poder\u00e1 optimizar o seu tempo e chegar rapidamente a todos os lugares mais caracter\u00edsticos da Cidade Eterna a bordo de uma viatura de luxo.<\/p>\n<p>Providenciamos tamb\u00e9m servi\u00e7os de transfer com motorista privado de\/para os aeroportos, esta\u00e7\u00f5es e portos de Roma.<\/p>\n<p>Colocamos \u00e0 sua disposi\u00e7\u00e3o uma vasta gama de ve\u00edculos, adequados a qualquer tipo de cliente, tendo a capacidade de satisfazer qualquer que seja a sua exig\u00eancia.<\/p>\n<p>Para solicitar um or\u00e7amento para um transfer ou para um tour com motorista, por favor envie-nos um pedido via e-mail a: <a style=\"text-decoration: underline;\" href=\"mailto:lucarocconi@gmail.com\">lucarocconi@gmail.com<\/a>[\/vc_column_text][\/vc_column][\/vc_row][vc_row][vc_column][vc_media_grid element_width=&#8221;3&#8243; item=&#8221;masonryMedia_Default&#8221; grid_id=&#8221;vc_gid:1612189390889-21ee0ee31ea9c2c8570b2a1c3ee2c1c5-9&#8243; include=&#8221;3978,3981,3972,3975,4394,4397,4400,4403&#8243;][\/vc_column][\/vc_row][vc_row full_width=&#8221;stretch_row&#8221; css=&#8221;.vc_custom_1575301039817{background-color: #fe5e00 !important;}&#8221;][vc_column la_animation_name=&#8221;rubberBand&#8221; la_animation_duration=&#8221;1&#8243; la_animation_delay=&#8221;0.2&#8243; la_animation_iteration_count=&#8221;1&#8243; el_class=&#8221;text-center&#8221;]<div id=\"la_divider69e7652f02305\" class=\"js-el la-divider la-unit-responsive\" data-la_component=\"UnitResponsive\"  data-el_target='#la_divider69e7652f02305'  data-el_media_sizes='{&quot;padding-top&quot;:&quot;lg:30px;&quot;}' ><\/div>\n<div id=\"la_heading_69e7652f0242e\" class=\"la-headings text-inline vc_custom_1612189404610 visible-inline-block\"><h4 class=\"js-el heading-tag la-unit-responsive\" style=\"color:#ffffff\"  data-la_component=\"UnitResponsive\"  data-el_target='#la_heading_69e7652f0242e .heading-tag'  data-el_media_sizes='{&quot;font-size&quot;:&quot;lg:40px;md:36px;sm:30px;&quot;,&quot;line-height&quot;:&quot;&quot;}' >Tem perguntas ou d\u00favidas? Por favor, n\u00e3o hesite em contactar-me!<\/h4><\/div>\n<div class=\"btn-wrapper btn-align-inline\">\n    <a class=\"btn btn-color-white2 btn-align-inline btn-size-md btn-style-outline btn-shape-round btn-brw-2\" href=\"https:\/\/www.romaesoterica.com\/contatti\/\" title=\"Contatti\"><span>CONTATAR-ME<\/span><\/a><\/div><div id=\"la_divider69e7652f02561\" class=\"js-el la-divider la-unit-responsive\" data-la_component=\"UnitResponsive\"  data-el_target='#la_divider69e7652f02561'  data-el_media_sizes='{&quot;padding-top&quot;:&quot;lg:50px;&quot;}' ><\/div>\n[\/vc_column][\/vc_row]<\/p>\n","protected":false},"excerpt":{"rendered":"<p>[vc_row][vc_column][\/vc_column][\/vc_row][vc_row][vc_column][vc_column_text] UMA EXPERI\u00caNCIA INESQUEC\u00cdVEL! Todos os nossos passeios guiados podem ser acompanhados por um motorista profissional, para que tenha o m\u00e1ximo do conforto durante as&hellip;<\/p>\n","protected":false},"author":2,"featured_media":0,"parent":0,"menu_order":0,"comment_status":"closed","ping_status":"closed","template":"","meta":{"footnotes":""},"class_list":["post-3893","page","type-page","status-publish","hentry"],"yoast_head":"<!-- This site is optimized with the Yoast SEO plugin v18.3 - https:\/\/yoast.com\/wordpress\/plugins\/seo\/ -->\n<title>Transferes - ROCCONI LUCA<\/title>\n<meta name=\"robots\" content=\"index, follow, max-snippet:-1, max-image-preview:large, max-video-preview:-1\" \/>\n<link rel=\"canonical\" href=\"https:\/\/www.romaesoterica.com\/pt-pt\/transfer\/\" \/>\n<meta property=\"og:locale\" content=\"pt_PT\" \/>\n<meta property=\"og:type\" content=\"article\" \/>\n<meta property=\"og:title\" content=\"Transferes - ROCCONI LUCA\" \/>\n<meta property=\"og:description\" content=\"[vc_row][vc_column][\/vc_column][\/vc_row][vc_row][vc_column][vc_column_text] UMA EXPERI\u00caNCIA INESQUEC\u00cdVEL! Todos os nossos passeios guiados podem ser acompanhados por um motorista profissional, para que tenha o m\u00e1ximo do conforto durante as&hellip;\" \/>\n<meta property=\"og:url\" content=\"https:\/\/www.romaesoterica.com\/pt-pt\/transfer\/\" \/>\n<meta property=\"og:site_name\" content=\"ROCCONI LUCA\" \/>\n<meta property=\"article:modified_time\" content=\"2021-02-01T14:23:45+00:00\" \/>\n<meta name=\"twitter:card\" content=\"summary_large_image\" \/>\n<meta name=\"twitter:label1\" content=\"Tempo estimado de leitura\" \/>\n\t<meta name=\"twitter:data1\" content=\"2 minutos\" \/>\n<script type=\"application\/ld+json\" class=\"yoast-schema-graph\">{\"@context\":\"https:\/\/schema.org\",\"@graph\":[{\"@type\":\"WebSite\",\"@id\":\"https:\/\/www.romaesoterica.com\/#website\",\"url\":\"https:\/\/www.romaesoterica.com\/\",\"name\":\"ROCCONI LUCA\",\"description\":\"Luca Rocconi Tourist Guide\",\"potentialAction\":[{\"@type\":\"SearchAction\",\"target\":{\"@type\":\"EntryPoint\",\"urlTemplate\":\"https:\/\/www.romaesoterica.com\/?s={search_term_string}\"},\"query-input\":\"required name=search_term_string\"}],\"inLanguage\":\"pt-PT\"},{\"@type\":\"WebPage\",\"@id\":\"https:\/\/www.romaesoterica.com\/pt-pt\/transfer\/#webpage\",\"url\":\"https:\/\/www.romaesoterica.com\/pt-pt\/transfer\/\",\"name\":\"Transferes - ROCCONI LUCA\",\"isPartOf\":{\"@id\":\"https:\/\/www.romaesoterica.com\/#website\"},\"datePublished\":\"2019-11-04T16:02:15+00:00\",\"dateModified\":\"2021-02-01T14:23:45+00:00\",\"breadcrumb\":{\"@id\":\"https:\/\/www.romaesoterica.com\/pt-pt\/transfer\/#breadcrumb\"},\"inLanguage\":\"pt-PT\",\"potentialAction\":[{\"@type\":\"ReadAction\",\"target\":[\"https:\/\/www.romaesoterica.com\/pt-pt\/transfer\/\"]}]},{\"@type\":\"BreadcrumbList\",\"@id\":\"https:\/\/www.romaesoterica.com\/pt-pt\/transfer\/#breadcrumb\",\"itemListElement\":[{\"@type\":\"ListItem\",\"position\":1,\"name\":\"Home\",\"item\":\"https:\/\/www.romaesoterica.com\/pt-pt\/\"},{\"@type\":\"ListItem\",\"position\":2,\"name\":\"Transferes\"}]}]}<\/script>\n<!-- \/ Yoast SEO plugin. -->","yoast_head_json":{"title":"Transferes - ROCCONI LUCA","robots":{"index":"index","follow":"follow","max-snippet":"max-snippet:-1","max-image-preview":"max-image-preview:large","max-video-preview":"max-video-preview:-1"},"canonical":"https:\/\/www.romaesoterica.com\/pt-pt\/transfer\/","og_locale":"pt_PT","og_type":"article","og_title":"Transferes - ROCCONI LUCA","og_description":"[vc_row][vc_column][\/vc_column][\/vc_row][vc_row][vc_column][vc_column_text] UMA EXPERI\u00caNCIA INESQUEC\u00cdVEL! Todos os nossos passeios guiados podem ser acompanhados por um motorista profissional, para que tenha o m\u00e1ximo do conforto durante as&hellip;","og_url":"https:\/\/www.romaesoterica.com\/pt-pt\/transfer\/","og_site_name":"ROCCONI LUCA","article_modified_time":"2021-02-01T14:23:45+00:00","twitter_card":"summary_large_image","twitter_misc":{"Tempo estimado de leitura":"2 minutos"},"schema":{"@context":"https:\/\/schema.org","@graph":[{"@type":"WebSite","@id":"https:\/\/www.romaesoterica.com\/#website","url":"https:\/\/www.romaesoterica.com\/","name":"ROCCONI LUCA","description":"Luca Rocconi Tourist Guide","potentialAction":[{"@type":"SearchAction","target":{"@type":"EntryPoint","urlTemplate":"https:\/\/www.romaesoterica.com\/?s={search_term_string}"},"query-input":"required name=search_term_string"}],"inLanguage":"pt-PT"},{"@type":"WebPage","@id":"https:\/\/www.romaesoterica.com\/pt-pt\/transfer\/#webpage","url":"https:\/\/www.romaesoterica.com\/pt-pt\/transfer\/","name":"Transferes - ROCCONI LUCA","isPartOf":{"@id":"https:\/\/www.romaesoterica.com\/#website"},"datePublished":"2019-11-04T16:02:15+00:00","dateModified":"2021-02-01T14:23:45+00:00","breadcrumb":{"@id":"https:\/\/www.romaesoterica.com\/pt-pt\/transfer\/#breadcrumb"},"inLanguage":"pt-PT","potentialAction":[{"@type":"ReadAction","target":["https:\/\/www.romaesoterica.com\/pt-pt\/transfer\/"]}]},{"@type":"BreadcrumbList","@id":"https:\/\/www.romaesoterica.com\/pt-pt\/transfer\/#breadcrumb","itemListElement":[{"@type":"ListItem","position":1,"name":"Home","item":"https:\/\/www.romaesoterica.com\/pt-pt\/"},{"@type":"ListItem","position":2,"name":"Transferes"}]}]}},"_links":{"self":[{"href":"https:\/\/www.romaesoterica.com\/pt-pt\/wp-json\/wp\/v2\/pages\/3893","targetHints":{"allow":["GET"]}}],"collection":[{"href":"https:\/\/www.romaesoterica.com\/pt-pt\/wp-json\/wp\/v2\/pages"}],"about":[{"href":"https:\/\/www.romaesoterica.com\/pt-pt\/wp-json\/wp\/v2\/types\/page"}],"author":[{"embeddable":true,"href":"https:\/\/www.romaesoterica.com\/pt-pt\/wp-json\/wp\/v2\/users\/2"}],"replies":[{"embeddable":true,"href":"https:\/\/www.romaesoterica.com\/pt-pt\/wp-json\/wp\/v2\/comments?post=3893"}],"version-history":[{"count":6,"href":"https:\/\/www.romaesoterica.com\/pt-pt\/wp-json\/wp\/v2\/pages\/3893\/revisions"}],"predecessor-version":[{"id":4660,"href":"https:\/\/www.romaesoterica.com\/pt-pt\/wp-json\/wp\/v2\/pages\/3893\/revisions\/4660"}],"wp:attachment":[{"href":"https:\/\/www.romaesoterica.com\/pt-pt\/wp-json\/wp\/v2\/media?parent=3893"}],"curies":[{"name":"wp","href":"https:\/\/api.w.org\/{rel}","templated":true}]}}