{"id":3862,"date":"2019-11-04T16:52:20","date_gmt":"2019-11-04T15:52:20","guid":{"rendered":"https:\/\/www.romaesoterica.com\/chi-sono\/"},"modified":"2021-02-01T19:42:58","modified_gmt":"2021-02-01T18:42:58","slug":"chi-sono","status":"publish","type":"page","link":"https:\/\/www.romaesoterica.com\/pt-pt\/chi-sono\/","title":{"rendered":"BIOGRAFIA"},"content":{"rendered":"<p>[vc_row][vc_column]<div id=\"la_divider69de2c9b98dee\" class=\"js-el la-divider la-unit-responsive\" data-la_component=\"UnitResponsive\"  data-el_target='#la_divider69de2c9b98dee'  data-el_media_sizes='{&quot;padding-top&quot;:&quot;lg:50px;&quot;}' ><\/div>\n[\/vc_column][\/vc_row][vc_row][vc_column][vc_row_inner content_placement=&#8221;bottom&#8221;][vc_column_inner width=&#8221;2\/3&#8243;][vc_column_text el_class=&#8221;justify-text&#8221;]O meu nome \u00e9 <strong>Luca Rocconi<\/strong> e sou <strong>guia tur\u00edstico oficial de Roma em chin\u00eas, ingl\u00eas e portugu\u00eas.<\/strong><br \/>\nGostaria de lhe contar algumas coisas sobre mim: sou uma pessoa atenta e curiosa, tenho muitas paix\u00f5es e interesses diversificados. A minha grande paix\u00e3o desde crian\u00e7a sempre foi o Oriente, sobretudo a cultura chinesa. Este foi o motivo que me levou a tirar a licenciatura em<strong>L\u00ednguas e Civiliza\u00e7\u00f5es Orientais<\/strong> na <strong>Universidade \u201cLa Sapienza\u201d de Roma. <\/strong>.<\/p>\n<p>Passei o \u00faltimo ano do curso em Shanghai, na famosa Universidade de Tongji, gra\u00e7as a uma bolsa de estudos do Minist\u00e9rio dos Neg\u00f3cios Estrangeiros.<\/p>\n<p>Dei os meus primeiros passos no mundo do turismo na qualidade de <strong>guia acompanhante<\/strong>. A partire dal 2006 ho accompagnato gruppi di turisti italiani in Cina, Thailandia, Cambogia. Por bastante tempo trabalhei em colabora\u00e7\u00e3o com <strong>operadores tur\u00edsticos especializados<\/strong> em viagens ao Extremo Oriente.<\/p>\n<p>As numerosas viagens de trabalho, mas tamb\u00e9m pessoais, que efectuei em v\u00e1rias zonas do globo permitiram-me apurar a minha capacidade de relacionamento com pessoas de<strong>culturas e classes sociais diferentes<\/strong>.Uma grande capacidade de adapta\u00e7\u00e3o, interac\u00e7\u00e3o social e t\u00e9cnicas de estudo eficazes contribu\u00edram para que conseguisse atingir um \u00f3ptimo n\u00edvel de dom\u00ednio das l\u00ednguas estrangeiras que uso diariamente na minha profiss\u00e3o.[\/vc_column_text][\/vc_column_inner][vc_column_inner el_class=&#8221;bord&#8221; width=&#8221;1\/3&#8243; la_animation_duration=&#8221;1&#8243; la_animation_delay=&#8221;0&#8243; la_animation_iteration_count=&#8221;1&#8243;][vc_single_image image=&#8221;3945&#8243; img_size=&#8221;full&#8221;][\/vc_column_inner][\/vc_row_inner][vc_column_text el_class=&#8221;justify-text&#8221;]TOutra das minhas grandes paix\u00f5es, que acabou por se interligar com o meu trabalho, \u00e9 a l\u00edngua, a cultura, a m\u00fasica e as dan\u00e7as brasileiras. <strong>As minhas viagens ao Brasil e a Portugal<\/strong> foram o ponto de partida para come\u00e7ar a estudar a l\u00edngua portuguesa e para posteriormente continuar a aprofundar os meus conhecimentos deste idioma, atrav\u00e9s de cursos privados em It\u00e1lia e na Embaixada do Brasil em Roma.<\/p>\n<p>Com o passar do tempo, tive a oportunidade de unir estas duas paix\u00f5es a uma terceira: a \u201c<strong>Cidade Eterna<\/strong>\u201d, Roma, la mia Citt\u00e0. a minha cidade! Em 2015, obtive a autoriza\u00e7\u00e3o para trabalhar como <strong>guia tur\u00edstico oficial de Roma e do Estado do Vaticano.<\/strong>.<\/p>\n<p>Por que raz\u00e3o deve optar por visitar Roma com um guia tur\u00edstico local autorizado? Certamente para ter a possibilidade de estabelecer um contacto mais genu\u00edno com uma cidade verdadeiramente \u00fanica. Para al\u00e9m de <strong>admirar Roma<\/strong> de um ponto de vista estritamente tur\u00edstico e de visitar pra\u00e7as e museus mundialmente famosos, poder\u00e1 assim conhecer de perto os h\u00e1bitos e as tradi\u00e7\u00f5es locais com o aux\u00edlio de quem a\u00ed vive e que passou anos a estudar a sua <strong>hist\u00f3ria e as suas tradi\u00e7\u00f5es<\/strong> conhecendo quase todos os seus segredos.<\/p>\n<p>As visitas guiadas e os roteiros presentes neste site foram estruturados com base nos pedidos mais habituais, mas s\u00e3o apenas algumas das possibilidades que uma cidade especial como Roma oferece. Por este motivo, estou aberto a qualquer pedido que queira efectuar no \u00e2mbito da organiza\u00e7\u00e3o <strong>de passeios personalizados.<\/strong>.[\/vc_column_text][\/vc_column][\/vc_row][vc_row full_width=&#8221;stretch_row&#8221; css=&#8221;.vc_custom_1575301074238{background-color: #fe5e00 !important;}&#8221;][vc_column la_animation_name=&#8221;rubberBand&#8221; la_animation_duration=&#8221;1&#8243; la_animation_delay=&#8221;0.2&#8243; la_animation_iteration_count=&#8221;1&#8243; el_class=&#8221;text-center&#8221;]<div id=\"la_divider69de2c9b98ec5\" class=\"js-el la-divider la-unit-responsive\" data-la_component=\"UnitResponsive\"  data-el_target='#la_divider69de2c9b98ec5'  data-el_media_sizes='{&quot;padding-top&quot;:&quot;lg:30px;&quot;}' ><\/div>\n<div id=\"la_heading_69de2c9b98f78\" class=\"la-headings text-inline vc_custom_1612204965926 visible-inline-block\"><h4 class=\"js-el heading-tag la-unit-responsive\" style=\"color:#ffffff;font-family:Courgette;font-weight:400;font-style:normal\"  data-la_component=\"UnitResponsive\"  data-el_target='#la_heading_69de2c9b98f78 .heading-tag'  data-el_media_sizes='{&quot;font-size&quot;:&quot;lg:40px;md:36px;sm:30px;&quot;,&quot;line-height&quot;:&quot;&quot;}' >Tem perguntas ou d\u00favidas? Por favor, n\u00e3o hesite em contactar-me!<\/h4><\/div>\n<div class=\"btn-wrapper btn-align-inline\">\n    <a class=\"btn btn-color-white2 btn-align-inline btn-size-md btn-style-outline btn-shape-round btn-brw-2\" href=\"#\" title=\"\"><span>CONTACTAR-ME<\/span><\/a><\/div><div id=\"la_divider69de2c9b99110\" class=\"js-el la-divider la-unit-responsive\" data-la_component=\"UnitResponsive\"  data-el_target='#la_divider69de2c9b99110'  data-el_media_sizes='{&quot;padding-top&quot;:&quot;lg:50px;&quot;}' ><\/div>\n[\/vc_column][\/vc_row]<\/p>\n","protected":false},"excerpt":{"rendered":"<p>[vc_row][vc_column][\/vc_column][\/vc_row][vc_row][vc_column][vc_row_inner content_placement=&#8221;bottom&#8221;][vc_column_inner width=&#8221;2\/3&#8243;][vc_column_text el_class=&#8221;justify-text&#8221;]O meu nome \u00e9 Luca Rocconi e sou guia tur\u00edstico oficial de Roma em chin\u00eas, ingl\u00eas e portugu\u00eas. Gostaria de lhe contar&hellip;<\/p>\n","protected":false},"author":2,"featured_media":0,"parent":0,"menu_order":0,"comment_status":"closed","ping_status":"closed","template":"","meta":{"footnotes":""},"class_list":["post-3862","page","type-page","status-publish","hentry"],"yoast_head":"<!-- This site is optimized with the Yoast SEO plugin v18.3 - https:\/\/yoast.com\/wordpress\/plugins\/seo\/ -->\n<title>BIOGRAFIA - ROCCONI LUCA<\/title>\n<meta name=\"robots\" content=\"index, follow, max-snippet:-1, max-image-preview:large, max-video-preview:-1\" \/>\n<link rel=\"canonical\" href=\"https:\/\/www.romaesoterica.com\/pt-pt\/chi-sono\/\" \/>\n<meta property=\"og:locale\" content=\"pt_PT\" \/>\n<meta property=\"og:type\" content=\"article\" \/>\n<meta property=\"og:title\" content=\"BIOGRAFIA - ROCCONI LUCA\" \/>\n<meta property=\"og:description\" content=\"[vc_row][vc_column][\/vc_column][\/vc_row][vc_row][vc_column][vc_row_inner content_placement=&#8221;bottom&#8221;][vc_column_inner width=&#8221;2\/3&#8243;][vc_column_text el_class=&#8221;justify-text&#8221;]O meu nome \u00e9 Luca Rocconi e sou guia tur\u00edstico oficial de Roma em chin\u00eas, ingl\u00eas e portugu\u00eas. Gostaria de lhe contar&hellip;\" \/>\n<meta property=\"og:url\" content=\"https:\/\/www.romaesoterica.com\/pt-pt\/chi-sono\/\" \/>\n<meta property=\"og:site_name\" content=\"ROCCONI LUCA\" \/>\n<meta property=\"article:modified_time\" content=\"2021-02-01T18:42:58+00:00\" \/>\n<meta name=\"twitter:card\" content=\"summary_large_image\" \/>\n<meta name=\"twitter:label1\" content=\"Tempo estimado de leitura\" \/>\n\t<meta name=\"twitter:data1\" content=\"3 minutos\" \/>\n<script type=\"application\/ld+json\" class=\"yoast-schema-graph\">{\"@context\":\"https:\/\/schema.org\",\"@graph\":[{\"@type\":\"WebSite\",\"@id\":\"https:\/\/www.romaesoterica.com\/#website\",\"url\":\"https:\/\/www.romaesoterica.com\/\",\"name\":\"ROCCONI LUCA\",\"description\":\"Luca Rocconi Tourist Guide\",\"potentialAction\":[{\"@type\":\"SearchAction\",\"target\":{\"@type\":\"EntryPoint\",\"urlTemplate\":\"https:\/\/www.romaesoterica.com\/?s={search_term_string}\"},\"query-input\":\"required name=search_term_string\"}],\"inLanguage\":\"pt-PT\"},{\"@type\":\"WebPage\",\"@id\":\"https:\/\/www.romaesoterica.com\/pt-pt\/chi-sono\/#webpage\",\"url\":\"https:\/\/www.romaesoterica.com\/pt-pt\/chi-sono\/\",\"name\":\"BIOGRAFIA - ROCCONI LUCA\",\"isPartOf\":{\"@id\":\"https:\/\/www.romaesoterica.com\/#website\"},\"datePublished\":\"2019-11-04T15:52:20+00:00\",\"dateModified\":\"2021-02-01T18:42:58+00:00\",\"breadcrumb\":{\"@id\":\"https:\/\/www.romaesoterica.com\/pt-pt\/chi-sono\/#breadcrumb\"},\"inLanguage\":\"pt-PT\",\"potentialAction\":[{\"@type\":\"ReadAction\",\"target\":[\"https:\/\/www.romaesoterica.com\/pt-pt\/chi-sono\/\"]}]},{\"@type\":\"BreadcrumbList\",\"@id\":\"https:\/\/www.romaesoterica.com\/pt-pt\/chi-sono\/#breadcrumb\",\"itemListElement\":[{\"@type\":\"ListItem\",\"position\":1,\"name\":\"Home\",\"item\":\"https:\/\/www.romaesoterica.com\/pt-pt\/\"},{\"@type\":\"ListItem\",\"position\":2,\"name\":\"BIOGRAFIA\"}]}]}<\/script>\n<!-- \/ Yoast SEO plugin. -->","yoast_head_json":{"title":"BIOGRAFIA - ROCCONI LUCA","robots":{"index":"index","follow":"follow","max-snippet":"max-snippet:-1","max-image-preview":"max-image-preview:large","max-video-preview":"max-video-preview:-1"},"canonical":"https:\/\/www.romaesoterica.com\/pt-pt\/chi-sono\/","og_locale":"pt_PT","og_type":"article","og_title":"BIOGRAFIA - ROCCONI LUCA","og_description":"[vc_row][vc_column][\/vc_column][\/vc_row][vc_row][vc_column][vc_row_inner content_placement=&#8221;bottom&#8221;][vc_column_inner width=&#8221;2\/3&#8243;][vc_column_text el_class=&#8221;justify-text&#8221;]O meu nome \u00e9 Luca Rocconi e sou guia tur\u00edstico oficial de Roma em chin\u00eas, ingl\u00eas e portugu\u00eas. Gostaria de lhe contar&hellip;","og_url":"https:\/\/www.romaesoterica.com\/pt-pt\/chi-sono\/","og_site_name":"ROCCONI LUCA","article_modified_time":"2021-02-01T18:42:58+00:00","twitter_card":"summary_large_image","twitter_misc":{"Tempo estimado de leitura":"3 minutos"},"schema":{"@context":"https:\/\/schema.org","@graph":[{"@type":"WebSite","@id":"https:\/\/www.romaesoterica.com\/#website","url":"https:\/\/www.romaesoterica.com\/","name":"ROCCONI LUCA","description":"Luca Rocconi Tourist Guide","potentialAction":[{"@type":"SearchAction","target":{"@type":"EntryPoint","urlTemplate":"https:\/\/www.romaesoterica.com\/?s={search_term_string}"},"query-input":"required name=search_term_string"}],"inLanguage":"pt-PT"},{"@type":"WebPage","@id":"https:\/\/www.romaesoterica.com\/pt-pt\/chi-sono\/#webpage","url":"https:\/\/www.romaesoterica.com\/pt-pt\/chi-sono\/","name":"BIOGRAFIA - ROCCONI LUCA","isPartOf":{"@id":"https:\/\/www.romaesoterica.com\/#website"},"datePublished":"2019-11-04T15:52:20+00:00","dateModified":"2021-02-01T18:42:58+00:00","breadcrumb":{"@id":"https:\/\/www.romaesoterica.com\/pt-pt\/chi-sono\/#breadcrumb"},"inLanguage":"pt-PT","potentialAction":[{"@type":"ReadAction","target":["https:\/\/www.romaesoterica.com\/pt-pt\/chi-sono\/"]}]},{"@type":"BreadcrumbList","@id":"https:\/\/www.romaesoterica.com\/pt-pt\/chi-sono\/#breadcrumb","itemListElement":[{"@type":"ListItem","position":1,"name":"Home","item":"https:\/\/www.romaesoterica.com\/pt-pt\/"},{"@type":"ListItem","position":2,"name":"BIOGRAFIA"}]}]}},"_links":{"self":[{"href":"https:\/\/www.romaesoterica.com\/pt-pt\/wp-json\/wp\/v2\/pages\/3862","targetHints":{"allow":["GET"]}}],"collection":[{"href":"https:\/\/www.romaesoterica.com\/pt-pt\/wp-json\/wp\/v2\/pages"}],"about":[{"href":"https:\/\/www.romaesoterica.com\/pt-pt\/wp-json\/wp\/v2\/types\/page"}],"author":[{"embeddable":true,"href":"https:\/\/www.romaesoterica.com\/pt-pt\/wp-json\/wp\/v2\/users\/2"}],"replies":[{"embeddable":true,"href":"https:\/\/www.romaesoterica.com\/pt-pt\/wp-json\/wp\/v2\/comments?post=3862"}],"version-history":[{"count":7,"href":"https:\/\/www.romaesoterica.com\/pt-pt\/wp-json\/wp\/v2\/pages\/3862\/revisions"}],"predecessor-version":[{"id":4724,"href":"https:\/\/www.romaesoterica.com\/pt-pt\/wp-json\/wp\/v2\/pages\/3862\/revisions\/4724"}],"wp:attachment":[{"href":"https:\/\/www.romaesoterica.com\/pt-pt\/wp-json\/wp\/v2\/media?parent=3862"}],"curies":[{"name":"wp","href":"https:\/\/api.w.org\/{rel}","templated":true}]}}